{"id":4775,"date":"2023-04-28T15:58:04","date_gmt":"2023-04-28T15:58:04","guid":{"rendered":"https:\/\/pensiuneacasabuna.ro\/weddings-venue\/"},"modified":"2024-03-01T15:26:53","modified_gmt":"2024-03-01T15:26:53","slug":"baptisms","status":"publish","type":"page","link":"https:\/\/pensiuneacasabuna.ro\/en\/baptisms\/","title":{"rendered":"Baptisms"},"content":{"rendered":"\t\t<div data-elementor-type=\"wp-page\" data-elementor-id=\"4775\" class=\"elementor elementor-4775 elementor-3096\" data-elementor-post-type=\"page\">\n\t\t\t\t\t\t<section class=\"elementor-section elementor-top-section elementor-element elementor-element-f1acd17 elementor-section-height-min-height cs-section-content-fullwidth cs-parallax-on-scroll cs_scroll_y_80 elementor-section-boxed elementor-section-height-default elementor-section-items-middle\" data-id=\"f1acd17\" data-element_type=\"section\" data-e-type=\"section\" data-settings=\"{&quot;background_background&quot;:&quot;classic&quot;}\" data-cs-parallax-y=\"80\" style=\"background-image: none;\" data-cs-background-image=\"https:\/\/pensiuneacasabuna.ro\/wp-content\/uploads\/2024\/02\/vertical-shot-of-a-bouquet-with-people-dancing-on-2023-11-27-05-27-54-utc-scaled-1.jpeg\">\n\t\t\t\t\t\t\t<div class=\"elementor-background-overlay\"><\/div>\n\t\t\t\t\t\t\t<div class=\"elementor-container elementor-column-gap-no\">\n\t\t\t\t\t<div class=\"elementor-column elementor-col-100 elementor-top-column elementor-element elementor-element-2ae4f6f dark-color\" data-id=\"2ae4f6f\" data-element_type=\"column\" data-e-type=\"column\">\n\t\t\t<div class=\"elementor-widget-wrap elementor-element-populated\">\n\t\t\t\t\t\t<div class=\"elementor-element elementor-element-ed950e3 elementor-widget elementor-widget-cs_title\" data-id=\"ed950e3\" data-element_type=\"widget\" data-e-type=\"widget\" data-widget_type=\"cs_title.default\">\n\t\t\t\t<div class=\"elementor-widget-container\">\n\t\t\t\t\t\n        <div class=\"cs-title-wrap text-center\">\t            <div class=\"cs-subtitle-wrap\"><span class=\"cs-subtitle color-white\">\u00cent\u00e2lniri Elegante pentru Momente Pre\u021bioase<\/span><\/div>\t            <h1 class=\"cs-title\">\n\t                Botez\t            <\/h1>        <\/div>\t\t\t\t<\/div>\n\t\t\t\t<\/div>\n\t\t\t\t\t<\/div>\n\t\t<\/div>\n\t\t\t\t\t<\/div>\n\t\t<\/section>\n\t\t\t\t<section class=\"elementor-section elementor-top-section elementor-element elementor-element-89152aa elementor-section-boxed elementor-section-height-default elementor-section-height-default\" data-id=\"89152aa\" data-element_type=\"section\" data-e-type=\"section\">\n\t\t\t\t\t\t<div class=\"elementor-container elementor-column-gap-no\">\n\t\t\t\t\t<div class=\"elementor-column elementor-col-100 elementor-top-column elementor-element elementor-element-646255a\" data-id=\"646255a\" data-element_type=\"column\" data-e-type=\"column\">\n\t\t\t<div class=\"elementor-widget-wrap elementor-element-populated\">\n\t\t\t\t\t\t<div class=\"elementor-element elementor-element-018825a cs-animation-small-offset elementor-invisible elementor-widget elementor-widget-cs_title\" data-id=\"018825a\" data-element_type=\"widget\" data-e-type=\"widget\" data-settings=\"{&quot;_animation&quot;:&quot;fadeInUp&quot;,&quot;_animation_delay&quot;:150}\" data-widget_type=\"cs_title.default\">\n\t\t\t\t<div class=\"elementor-widget-container\">\n\t\t\t\t\t\n        <div class=\"cs-title-wrap text-center\">\t            <div class=\"cs-subtitle-wrap\"><span class=\"cs-subtitle\">Priveli\u0219ti minunate de pe colin\u0103 \u0219i servicii dedicate pentru o zi special\u0103<\/span><\/div>\t            <h3 class=\"cs-title\">\n\t                Adaptat Nevoilor Tale\t            <\/h3>        <\/div>\t\t\t\t<\/div>\n\t\t\t\t<\/div>\n\t\t\t\t<div class=\"elementor-element elementor-element-c86105d cs-animation-small-offset elementor-invisible elementor-widget elementor-widget-cs_title\" data-id=\"c86105d\" data-element_type=\"widget\" data-e-type=\"widget\" data-settings=\"{&quot;_animation&quot;:&quot;fadeInUp&quot;,&quot;_animation_delay&quot;:150}\" data-widget_type=\"cs_title.default\">\n\t\t\t\t<div class=\"elementor-widget-container\">\n\t\t\t\t\t\n        <div class=\"cs-title-wrap text-center\">\t            <div class=\"cs-title-text\">\n\t                <p>Marcheaz\u0103 acest moment important la Pensiunea Casa Bun\u0103, unde \u00eemprejurimile noastre pa\u0219nice \u0219i facilit\u0103\u021bile elegante ofer\u0103 un cadru potrivit pentru recep\u021biile de botez. Loca\u021bia noastr\u0103, cu restaurant, bar \u0219i terase, ofer\u0103 spa\u021bii versatile pentru g\u0103zduirea familiei \u0219i prietenilor \u00een aceast\u0103 ocazie special\u0103. De la meniuri personalizate la aranjamente g\u00e2ndite, ne asigur\u0103m c\u0103 fiecare detaliu reflect\u0103 solemnitatea \u0219i bucuria zilei.<\/p>\t            <\/div>        <\/div>\t\t\t\t<\/div>\n\t\t\t\t<\/div>\n\t\t\t\t\t<\/div>\n\t\t<\/div>\n\t\t\t\t\t<\/div>\n\t\t<\/section>\n\t\t\t\t<section class=\"elementor-section elementor-top-section elementor-element elementor-element-ffa6a00 elementor-section-content-middle elementor-section-boxed elementor-section-height-default elementor-section-height-default\" data-id=\"ffa6a00\" data-element_type=\"section\" data-e-type=\"section\">\n\t\t\t\t\t\t<div class=\"elementor-container elementor-column-gap-no\">\n\t\t\t\t\t<div class=\"elementor-column elementor-col-50 elementor-top-column elementor-element elementor-element-d448f28\" data-id=\"d448f28\" data-element_type=\"column\" data-e-type=\"column\">\n\t\t\t<div class=\"elementor-widget-wrap elementor-element-populated\">\n\t\t\t\t\t\t<div class=\"elementor-element elementor-element-cb033ca animated-slow elementor-invisible elementor-widget elementor-widget-image\" data-id=\"cb033ca\" data-element_type=\"widget\" data-e-type=\"widget\" data-settings=\"{&quot;_animation&quot;:&quot;fadeIn&quot;}\" data-widget_type=\"image.default\">\n\t\t\t\t<div class=\"elementor-widget-container\">\n\t\t\t\t\t\t\t\t\t\t\t\t\t\t\t<img fetchpriority=\"high\" decoding=\"async\" width=\"780\" height=\"520\" src=\"https:\/\/pensiuneacasabuna.ro\/wp-content\/uploads\/2024\/02\/restaurant-scaled-1-780x520.jpg\" class=\"attachment-cozystay_780x9999 size-cozystay_780x9999 wp-image-4966\" alt=\"\" srcset=\"https:\/\/pensiuneacasabuna.ro\/wp-content\/uploads\/2024\/02\/restaurant-scaled-1-780x520.jpg 780w, https:\/\/pensiuneacasabuna.ro\/wp-content\/uploads\/2024\/02\/restaurant-scaled-1-300x200.jpg 300w, https:\/\/pensiuneacasabuna.ro\/wp-content\/uploads\/2024\/02\/restaurant-scaled-1-1024x683.jpg 1024w, https:\/\/pensiuneacasabuna.ro\/wp-content\/uploads\/2024\/02\/restaurant-scaled-1-768x512.jpg 768w, https:\/\/pensiuneacasabuna.ro\/wp-content\/uploads\/2024\/02\/restaurant-scaled-1-1536x1024.jpg 1536w, https:\/\/pensiuneacasabuna.ro\/wp-content\/uploads\/2024\/02\/restaurant-scaled-1-2048x1366.jpg 2048w, https:\/\/pensiuneacasabuna.ro\/wp-content\/uploads\/2024\/02\/restaurant-scaled-1-1920x1280.jpg 1920w, https:\/\/pensiuneacasabuna.ro\/wp-content\/uploads\/2024\/02\/restaurant-scaled-1-1440x960.jpg 1440w, https:\/\/pensiuneacasabuna.ro\/wp-content\/uploads\/2024\/02\/restaurant-scaled-1-1200x800.jpg 1200w, https:\/\/pensiuneacasabuna.ro\/wp-content\/uploads\/2024\/02\/restaurant-scaled-1-600x400.jpg 600w, https:\/\/pensiuneacasabuna.ro\/wp-content\/uploads\/2024\/02\/restaurant-scaled-1-550x367.jpg 550w, https:\/\/pensiuneacasabuna.ro\/wp-content\/uploads\/2024\/02\/restaurant-scaled-1-370x247.jpg 370w, https:\/\/pensiuneacasabuna.ro\/wp-content\/uploads\/2024\/02\/restaurant-scaled-1-255x170.jpg 255w\" sizes=\"(max-width: 780px) 100vw, 780px\" \/>\t\t\t\t\t\t\t\t\t\t\t\t\t\t\t<\/div>\n\t\t\t\t<\/div>\n\t\t\t\t<div class=\"elementor-element elementor-element-b35efa3 elementor-widget elementor-widget-cs_video\" data-id=\"b35efa3\" data-element_type=\"widget\" data-e-type=\"widget\" data-widget_type=\"cs_video.default\">\n\t\t\t\t<div class=\"elementor-widget-container\">\n\t\t\t\t\t\t\t\t<div class=\"cs-video-btn elementor-video-block text-center\" data-elementor-open-lightbox=\"yes\" data-elementor-lightbox=\"{&quot;type&quot;:&quot;video&quot;,&quot;videoType&quot;:&quot;youtube&quot;,&quot;url&quot;:&quot;https:\\\/\\\/www.youtube.com\\\/embed\\\/3TPnBYdZGOI?feature=oembed&amp;playsinline=1&amp;wmode=opaque&amp;muted=muted&quot;,&quot;modalOptions&quot;:{&quot;id&quot;:&quot;elementor-lightbox-b35efa3&quot;}}\" data-e-action-hash=\"#elementor-action%3Aaction%3Dlightbox%26settings%3DeyJ0eXBlIjoidmlkZW8iLCJ2aWRlb1R5cGUiOiJ5b3V0dWJlIiwidXJsIjoiaHR0cHM6XC9cL3d3dy55b3V0dWJlLmNvbVwvZW1iZWRcLzNUUG5CWWRaR09JP2ZlYXR1cmU9b2VtYmVkJnBsYXlzaW5saW5lPTEmd21vZGU9b3BhcXVlJm11dGVkPW11dGVkIiwibW9kYWxPcHRpb25zIjp7ImlkIjoiZWxlbWVudG9yLWxpZ2h0Ym94LWIzNWVmYTMifX0%3D\">\n\t\t\t\t<div class=\"video-play-btn\">\n\t\t\t\t\t<div class=\"btn-svg\">\n\t\t\t\t\t\t<svg xmlns=\"http:\/\/www.w3.org\/2000\/svg\" width=\"64\" height=\"72\" viewBox=\"0 0 64 72\">\n\t\t\t\t\t\t\t<path stroke=\"#FFF\" stroke-width=\"2\" fill=\"none\" d=\"m3.121 1.446 58.545 35.412L1.708 69.853 3.121 1.446Z\"><\/path>\n\t\t\t\t\t\t<\/svg>\n\t\t\t\t\t<\/div>\n\t\t\t\t<\/div>\n\t\t\t<\/div>\t\t\t\t<\/div>\n\t\t\t\t<\/div>\n\t\t\t\t\t<\/div>\n\t\t<\/div>\n\t\t\t\t<div class=\"elementor-column elementor-col-50 elementor-top-column elementor-element elementor-element-3cdb5cc cs-animation-small-offset elementor-invisible\" data-id=\"3cdb5cc\" data-element_type=\"column\" data-e-type=\"column\" data-settings=\"{&quot;animation&quot;:&quot;fadeInRight&quot;}\">\n\t\t\t<div class=\"elementor-widget-wrap elementor-element-populated\">\n\t\t\t\t\t\t<div class=\"elementor-element elementor-element-9b981d2 elementor-widget elementor-widget-cs_title\" data-id=\"9b981d2\" data-element_type=\"widget\" data-e-type=\"widget\" data-widget_type=\"cs_title.default\">\n\t\t\t\t<div class=\"elementor-widget-container\">\n\t\t\t\t\t\n        <div class=\"cs-title-wrap\">\t            <div class=\"cs-subtitle-wrap\"><span class=\"cs-subtitle\">Celebrate in Style: Location with a View<\/span><\/div>\t            <h3 class=\"cs-title\">\n\t                Exclusive Location\t            <\/h3>\t            <div class=\"cs-title-text\">\n\t                <p>Our location is reserved exclusively for you on that day, ensuring privacy and confidentiality for you and your guests. With picturesque views of the surrounding hills, Casa Buna sets the stage for an unforgettable ceremony and reception.<\/p>\t            <\/div>        <\/div>\t\t\t\t<\/div>\n\t\t\t\t<\/div>\n\t\t\t\t<div class=\"elementor-element elementor-element-b31b7b1 elementor-widget elementor-widget-cs_list\" data-id=\"b31b7b1\" data-element_type=\"widget\" data-e-type=\"widget\" data-widget_type=\"cs_list.default\">\n\t\t\t\t<div class=\"elementor-widget-container\">\n\t\t\t\t\t\n            <ul class=\"cs-list cs-list-type-unordered\">                <li>                        <span class=\"list-icon color-primary\">\n                            <i aria-hidden=\"true\" class=\"fas fa-circle\"><\/i>                        <\/span>                    <span class=\"list-content\">Unique Location<\/span>                <\/li>                <li>                        <span class=\"list-icon color-primary\">\n                            <i aria-hidden=\"true\" class=\"fas fa-circle\"><\/i>                        <\/span>                    <span class=\"list-content\">Customizable Spaces<\/span>                <\/li>                <li>                        <span class=\"list-icon color-primary\">\n                            <i aria-hidden=\"true\" class=\"fas fa-circle\"><\/i>                        <\/span>                    <span class=\"list-content\">Custom Catering<\/span>                <\/li>            <\/ul>\t\t\t\t<\/div>\n\t\t\t\t<\/div>\n\t\t\t\t\t<\/div>\n\t\t<\/div>\n\t\t\t\t\t<\/div>\n\t\t<\/section>\n\t\t\t\t<section class=\"elementor-section elementor-top-section elementor-element elementor-element-f284f7e elementor-section-content-middle elementor-reverse-tablet elementor-reverse-mobile elementor-section-boxed elementor-section-height-default elementor-section-height-default\" data-id=\"f284f7e\" data-element_type=\"section\" data-e-type=\"section\">\n\t\t\t\t\t\t<div class=\"elementor-container elementor-column-gap-no\">\n\t\t\t\t\t<div class=\"elementor-column elementor-col-50 elementor-top-column elementor-element elementor-element-0219b99 cs-animation-small-offset elementor-invisible\" data-id=\"0219b99\" data-element_type=\"column\" data-e-type=\"column\" data-settings=\"{&quot;animation&quot;:&quot;fadeInLeft&quot;}\">\n\t\t\t<div class=\"elementor-widget-wrap elementor-element-populated\">\n\t\t\t\t\t\t<div class=\"elementor-element elementor-element-26709af elementor-widget elementor-widget-cs_title\" data-id=\"26709af\" data-element_type=\"widget\" data-e-type=\"widget\" data-widget_type=\"cs_title.default\">\n\t\t\t\t<div class=\"elementor-widget-container\">\n\t\t\t\t\t\n        <div class=\"cs-title-wrap\">\t            <div class=\"cs-subtitle-wrap\"><span class=\"cs-subtitle\">Savor Exquisite Flavors<\/span><\/div>\t            <h3 class=\"cs-title\">\n\t                Exceptional Catering\t            <\/h3>\t            <div class=\"cs-title-text\">\n\t                <p>Our talented chefs are passionate about crafting exceptional menus, personalized to your preferences.<\/p>\t            <\/div>        <\/div>\t\t\t\t<\/div>\n\t\t\t\t<\/div>\n\t\t\t\t<div class=\"elementor-element elementor-element-2c02c54 elementor-widget elementor-widget-cs_button\" data-id=\"2c02c54\" data-element_type=\"widget\" data-e-type=\"widget\" data-widget_type=\"cs_button.default\">\n\t\t\t\t<div class=\"elementor-widget-container\">\n\t\t\t\t\t        <a href=\"https:\/\/pensiuneacasabuna.ro\/restaurant\/\" class=\"elementor-button-link button cs-btn-underline cs-btn-small\" role=\"button\">\n            <span class=\"cs-btn-text\">Visit our restaurant<\/span>        <\/a>\t\t\t\t<\/div>\n\t\t\t\t<\/div>\n\t\t\t\t\t<\/div>\n\t\t<\/div>\n\t\t\t\t<div class=\"elementor-column elementor-col-50 elementor-top-column elementor-element elementor-element-77a0813\" data-id=\"77a0813\" data-element_type=\"column\" data-e-type=\"column\">\n\t\t\t<div class=\"elementor-widget-wrap elementor-element-populated\">\n\t\t\t\t\t\t<div class=\"elementor-element elementor-element-4ccd956 animated-slow elementor-invisible elementor-widget elementor-widget-image\" data-id=\"4ccd956\" data-element_type=\"widget\" data-e-type=\"widget\" data-settings=\"{&quot;_animation&quot;:&quot;fadeIn&quot;}\" data-widget_type=\"image.default\">\n\t\t\t\t<div class=\"elementor-widget-container\">\n\t\t\t\t\t\t\t\t\t\t\t\t\t\t\t<img decoding=\"async\" width=\"780\" height=\"1170\" src=\"https:\/\/pensiuneacasabuna.ro\/wp-content\/uploads\/2024\/03\/A-wonderful-day-68-scaled-1-1-780x1170.jpg\" class=\"attachment-cozystay_780x9999 size-cozystay_780x9999 wp-image-5308\" alt=\"\" srcset=\"https:\/\/pensiuneacasabuna.ro\/wp-content\/uploads\/2024\/03\/A-wonderful-day-68-scaled-1-1-780x1170.jpg 780w, https:\/\/pensiuneacasabuna.ro\/wp-content\/uploads\/2024\/03\/A-wonderful-day-68-scaled-1-1-200x300.jpg 200w, https:\/\/pensiuneacasabuna.ro\/wp-content\/uploads\/2024\/03\/A-wonderful-day-68-scaled-1-1-683x1024.jpg 683w, https:\/\/pensiuneacasabuna.ro\/wp-content\/uploads\/2024\/03\/A-wonderful-day-68-scaled-1-1-768x1152.jpg 768w, https:\/\/pensiuneacasabuna.ro\/wp-content\/uploads\/2024\/03\/A-wonderful-day-68-scaled-1-1-1024x1536.jpg 1024w, https:\/\/pensiuneacasabuna.ro\/wp-content\/uploads\/2024\/03\/A-wonderful-day-68-scaled-1-1-1366x2048.jpg 1366w, https:\/\/pensiuneacasabuna.ro\/wp-content\/uploads\/2024\/03\/A-wonderful-day-68-scaled-1-1-1440x2160.jpg 1440w, https:\/\/pensiuneacasabuna.ro\/wp-content\/uploads\/2024\/03\/A-wonderful-day-68-scaled-1-1-1200x1800.jpg 1200w, https:\/\/pensiuneacasabuna.ro\/wp-content\/uploads\/2024\/03\/A-wonderful-day-68-scaled-1-1-600x900.jpg 600w, https:\/\/pensiuneacasabuna.ro\/wp-content\/uploads\/2024\/03\/A-wonderful-day-68-scaled-1-1-550x825.jpg 550w, https:\/\/pensiuneacasabuna.ro\/wp-content\/uploads\/2024\/03\/A-wonderful-day-68-scaled-1-1-370x555.jpg 370w, https:\/\/pensiuneacasabuna.ro\/wp-content\/uploads\/2024\/03\/A-wonderful-day-68-scaled-1-1-255x382.jpg 255w, https:\/\/pensiuneacasabuna.ro\/wp-content\/uploads\/2024\/03\/A-wonderful-day-68-scaled-1-1.jpg 1707w\" sizes=\"(max-width: 780px) 100vw, 780px\" \/>\t\t\t\t\t\t\t\t\t\t\t\t\t\t\t<\/div>\n\t\t\t\t<\/div>\n\t\t\t\t\t<\/div>\n\t\t<\/div>\n\t\t\t\t\t<\/div>\n\t\t<\/section>\n\t\t\t\t<section class=\"elementor-section elementor-top-section elementor-element elementor-element-7e38d18 cs-section-content-fullwidth elementor-section-boxed elementor-section-height-default elementor-section-height-default\" data-id=\"7e38d18\" data-element_type=\"section\" data-e-type=\"section\" data-settings=\"{&quot;background_background&quot;:&quot;classic&quot;}\">\n\t\t\t\t\t\t\t<div class=\"elementor-background-overlay\"><\/div>\n\t\t\t\t\t\t\t<div class=\"elementor-container elementor-column-gap-no\">\n\t\t\t\t\t<div class=\"elementor-column elementor-col-100 elementor-top-column elementor-element elementor-element-720b1d9\" data-id=\"720b1d9\" data-element_type=\"column\" data-e-type=\"column\">\n\t\t\t<div class=\"elementor-widget-wrap elementor-element-populated\">\n\t\t\t\t\t\t<div class=\"elementor-element elementor-element-07481a5 cs-animation-small-offset elementor-invisible elementor-widget elementor-widget-cs_title\" data-id=\"07481a5\" data-element_type=\"widget\" data-e-type=\"widget\" data-settings=\"{&quot;_animation&quot;:&quot;fadeInUp&quot;,&quot;_animation_delay&quot;:150}\" data-widget_type=\"cs_title.default\">\n\t\t\t\t<div class=\"elementor-widget-container\">\n\t\t\t\t\t\n        <div class=\"cs-title-wrap text-center\">\t            <div class=\"cs-subtitle-wrap\"><span class=\"cs-subtitle\">Get in touch<\/span><\/div>\t            <h5 class=\"cs-title color-white\">\n\t                Contact Us\t            <\/h5>\t            <div class=\"cs-title-text color-white\">\n\t                <p>Ready to make your vision a reality at Casa Bun\u0103? Contact us today to schedule your visit or to speak with our event planner. We can&#8217;t wait to be a part of your special day!<\/p><p><a href=\"tel:+40720054328\">+40 720 054 328<\/a><br \/><a href=\"mailto:office@pensiuneacasabuna.ro\">office@pensiuneacasabuna.ro<\/a><\/p>\t            <\/div>        <\/div>\t\t\t\t<\/div>\n\t\t\t\t<\/div>\n\t\t\t\t<div class=\"elementor-element elementor-element-9a976dd elementor-widget__width-initial cs-animation-small-offset elementor-button-align-stretch elementor-invisible elementor-widget elementor-widget-form\" data-id=\"9a976dd\" data-element_type=\"widget\" data-e-type=\"widget\" data-settings=\"{&quot;step_next_label&quot;:&quot;Next&quot;,&quot;step_previous_label&quot;:&quot;Previous&quot;,&quot;_animation&quot;:&quot;fadeInUp&quot;,&quot;_animation_delay&quot;:150,&quot;button_width&quot;:&quot;100&quot;,&quot;step_type&quot;:&quot;number_text&quot;,&quot;step_icon_shape&quot;:&quot;circle&quot;}\" data-widget_type=\"form.default\">\n\t\t\t\t<div class=\"elementor-widget-container\">\n\t\t\t\t\t\t\t<form class=\"elementor-form\" method=\"post\" name=\"New Form\">\n\t\t\t<input type=\"hidden\" name=\"post_id\" value=\"4775\"\/>\n\t\t\t<input type=\"hidden\" name=\"form_id\" value=\"9a976dd\"\/>\n\t\t\t<input type=\"hidden\" name=\"referer_title\" value=\"\" \/>\n\n\t\t\t\n\t\t\t<div class=\"elementor-form-fields-wrapper elementor-labels-above\">\n\t\t\t\t\t\t\t\t<div class=\"elementor-field-type-text elementor-field-group elementor-column elementor-field-group-name elementor-col-100\">\n\t\t\t\t\t\t\t\t\t\t\t\t\t<input size=\"1\" type=\"text\" name=\"form_fields[name]\" id=\"form-field-name\" class=\"elementor-field elementor-size-lg  elementor-field-textual\" placeholder=\"Name\">\n\t\t\t\t\t\t\t\t\t\t\t<\/div>\n\t\t\t\t\t\t\t\t<div class=\"elementor-field-type-email elementor-field-group elementor-column elementor-field-group-email elementor-col-100 elementor-field-required\">\n\t\t\t\t\t\t\t\t\t\t\t\t\t<input size=\"1\" type=\"email\" name=\"form_fields[email]\" id=\"form-field-email\" class=\"elementor-field elementor-size-lg  elementor-field-textual\" placeholder=\"Email\" required=\"required\" aria-required=\"true\">\n\t\t\t\t\t\t\t\t\t\t\t<\/div>\n\t\t\t\t\t\t\t\t<div class=\"elementor-field-type-tel elementor-field-group elementor-column elementor-field-group-field_7240f74 elementor-col-100 elementor-field-required\">\n\t\t\t\t\t\t\t<input size=\"1\" type=\"tel\" name=\"form_fields[field_7240f74]\" id=\"form-field-field_7240f74\" class=\"elementor-field elementor-size-lg  elementor-field-textual\" placeholder=\"Phone\" required=\"required\" aria-required=\"true\" pattern=\"[0-9()#&amp;+*-=.]+\" title=\"Only numbers and phone characters (#, -, *, etc) are accepted.\">\n\n\t\t\t\t\t\t<\/div>\n\t\t\t\t\t\t\t\t<div class=\"elementor-field-type-textarea elementor-field-group elementor-column elementor-field-group-message elementor-col-100\">\n\t\t\t\t\t\t\t\t\t\t\t\t<label for=\"form-field-message\" class=\"elementor-field-label\">\n\t\t\t\t\t\t\t\tMessage\t\t\t\t\t\t\t<\/label>\n\t\t\t\t\t\t<textarea class=\"elementor-field-textual elementor-field  elementor-size-lg\" name=\"form_fields[message]\" id=\"form-field-message\" rows=\"6\"><\/textarea>\t\t\t\t<\/div>\n\t\t\t\t\t\t\t\t<div class=\"elementor-field-type-recaptcha_v3 elementor-field-group elementor-column elementor-field-group-field_b5fa138 elementor-col-100 recaptcha_v3-inline\">\n\t\t\t\t\t<div class=\"elementor-field\" id=\"form-field-field_b5fa138\"><div class=\"elementor-g-recaptcha\" data-sitekey=\"6Lex35kpAAAAAI2dYPZufKTqEqw4bpyKdLSJDyWW\" data-type=\"v3\" data-action=\"Form\" data-badge=\"inline\" data-size=\"invisible\"><\/div><\/div>\t\t\t\t<\/div>\n\t\t\t\t\t\t\t\t<div class=\"elementor-field-group elementor-column elementor-field-type-submit elementor-col-100 e-form__buttons\">\n\t\t\t\t\t<button type=\"submit\" class=\"elementor-button elementor-size-lg\">\n\t\t\t\t\t\t<span >\n\t\t\t\t\t\t\t\t\t\t\t\t\t\t\t<span class=\"elementor-align-icon-left elementor-button-icon\">\n\t\t\t\t\t\t\t\t\t<i aria-hidden=\"true\" class=\"far fa-paper-plane\"><\/i>\t\t\t\t\t\t\t\t\t\t\t\t\t\t\t\t\t<\/span>\n\t\t\t\t\t\t\t\t\t\t\t\t\t\t\t\t\t\t\t\t\t\t<span class=\"elementor-button-text\">Send<\/span>\n\t\t\t\t\t\t\t\t\t\t\t\t\t<\/span>\n\t\t\t\t\t<\/button>\n\t\t\t\t<\/div>\n\t\t\t<\/div>\n\t\t<\/form>\n\t\t\t\t\t\t<\/div>\n\t\t\t\t<\/div>\n\t\t\t\t\t<\/div>\n\t\t<\/div>\n\t\t\t\t\t<\/div>\n\t\t<\/section>\n\t\t\t\t<\/div>\n\t\t","protected":false},"excerpt":{"rendered":"<p>\u00cent\u00e2lniri Elegante pentru Momente Pre\u021bioase Botez Priveli\u0219ti minunate de pe colin\u0103 \u0219i servicii dedicate pentru o zi special\u0103 Adaptat Nevoilor Tale Marcheaz\u0103 acest moment important la Pensiunea Casa Bun\u0103, unde \u00eemprejurimile noastre pa\u0219nice \u0219i facilit\u0103\u021bile elegante ofer\u0103 un cadru potrivit pentru recep\u021biile de botez. Loca\u021bia noastr\u0103, cu restaurant, bar \u0219i terase, ofer\u0103 spa\u021bii versatile pentru &#8230;<\/p>\n","protected":false},"author":1,"featured_media":0,"parent":0,"menu_order":0,"comment_status":"closed","ping_status":"closed","template":"template-wide-content.php","meta":{"cozystay_single_page_hide_site_header":"","cozystay_single_page_site_header_source":"","cozystay_single_page_custom_site_header":"0","cozystay_single_page_custom_sticky_site_header":"0","cozystay_single_page_hide_page_title":"on","cozystay_single_page_header_section_size":"","cozystay_single_page_header_background_color":"","cozystay_single_page_header_background_position_x":"center","cozystay_single_page_header_background_position_y":"center","cozystay_single_page_header_background_size":"cover","cozystay_single_page_header_background_repeat":"off","cozystay_single_page_header_background_scroll":"on","cozystay_single_page_header_text_color":"","cozystay_single_page_header_show_breadcrumb":"","cozystay_single_page_site_footer_hide_main":"","cozystay_single_custom_site_footer_main_source":"","cozystay_single_custom_site_footer_main":"0","cozystay_single_page_site_footer_hide_above":"","cozystay_single_custom_site_footer_above_source":"","cozystay_single_custom_site_footer_above":"0","cozystay_single_page_site_footer_hide_instagram":"","cozystay_single_page_site_footer_hide_bottom":"","cozystay_single_custom_mobile_menu_source":"","cozystay_single_custom_mobile_menu":"0","cozystay_single_custom_mobile_menu_animation":"","cozystay_single_custom_mobile_menu_width":"","cozystay_single_custom_mobile_menu_custom_width":375,"footnotes":""},"class_list":["post-4775","page","type-page","status-publish","hentry"],"_links":{"self":[{"href":"https:\/\/pensiuneacasabuna.ro\/en\/wp-json\/wp\/v2\/pages\/4775","targetHints":{"allow":["GET"]}}],"collection":[{"href":"https:\/\/pensiuneacasabuna.ro\/en\/wp-json\/wp\/v2\/pages"}],"about":[{"href":"https:\/\/pensiuneacasabuna.ro\/en\/wp-json\/wp\/v2\/types\/page"}],"author":[{"embeddable":true,"href":"https:\/\/pensiuneacasabuna.ro\/en\/wp-json\/wp\/v2\/users\/1"}],"replies":[{"embeddable":true,"href":"https:\/\/pensiuneacasabuna.ro\/en\/wp-json\/wp\/v2\/comments?post=4775"}],"version-history":[{"count":35,"href":"https:\/\/pensiuneacasabuna.ro\/en\/wp-json\/wp\/v2\/pages\/4775\/revisions"}],"predecessor-version":[{"id":5354,"href":"https:\/\/pensiuneacasabuna.ro\/en\/wp-json\/wp\/v2\/pages\/4775\/revisions\/5354"}],"wp:attachment":[{"href":"https:\/\/pensiuneacasabuna.ro\/en\/wp-json\/wp\/v2\/media?parent=4775"}],"curies":[{"name":"wp","href":"https:\/\/api.w.org\/{rel}","templated":true}]}}